{"id":178,"date":"2018-06-24T10:28:38","date_gmt":"2018-06-24T09:28:38","guid":{"rendered":"http:\/\/expocet.dragonfruit.temporarywebsiteaddress.com\/privacy\/"},"modified":"2019-03-11T12:22:37","modified_gmt":"2019-03-11T12:22:37","slug":"privacy","status":"publish","type":"page","link":"https:\/\/www.expocet.com\/de\/privacy\/","title":{"rendered":"Datenschutz"},"content":{"rendered":"<p>Die folgende Datenschutzerkl\u00e4rung deckt die Website von Expocet Ltd ab. Links auf dieser Website zu anderen Websites werden von dieser Erkl\u00e4rung nicht abgedeckt.<\/p>\n<p>Bei Expocet Ltd verpflichten wir uns, die Privatsph\u00e4re unserer Besucher zu sch\u00fctzen und zu erhalten. In der Datenschutzerkl\u00e4rung wird erl\u00e4utert, was mit den pers\u00f6nlichen Daten geschieht, die Sie uns \u00fcbermitteln oder die wir von Ihnen erfassen, w\u00e4hrend Sie sich auf unserer Website befinden.<\/p>\n<p>Die Datenschutzerkl\u00e4rung von Expocet Ltd erf\u00fcllt die Bestimmungen der Allgemeinen Datenschutzverordnung und des Datenschutzgesetzes von 1998. Wir aktualisieren diese Erkl\u00e4rung von Zeit zu Zeit. \u00dcberpr\u00fcfen Sie diese Erkl\u00e4rung daher regelm\u00e4\u00dfig.<\/p>\n<p><strong>Datenerhebung und Datenschutz<\/strong><\/p>\n<p>Expocet Ltd erkl\u00e4rt die Daten, die sie in Gruppen sammeln (auch als \u201eAussagen\u201c bezeichnet).<\/p>\n<p>Gruppe Basisinformationen<\/p>\n<p>Wir sammeln die folgenden Informationen:<\/p>\n<p>HTTP-Protokollelemente<\/p>\n<p>Nach Wahl des Benutzers k\u00f6nnen wir auch die folgenden Daten erfassen:<\/p>\n<p>Clickstream-Daten<\/p>\n<p>Suchbegriffe<\/p>\n<p>Diese Daten werden f\u00fcr folgende Zwecke verwendet:<\/p>\n<p>Abschluss und Unterst\u00fctzung der aktuellen Aktivit\u00e4t.<\/p>\n<p>Webseiten- und Systemverwaltung.<\/p>\n<p>Forschung und Entwicklung.<\/p>\n<p>Diese Daten werden von uns und unseren Vertretern verwendet.<\/p>\n<p>Die folgenden Erkl\u00e4rungen werden erl\u00e4utern, warum diese Daten erhoben werden:<\/p>\n<p>Von allen Webbenutzern gesammelte Daten: Zugriffsprotokolle und Suchbegriffe (falls eingegeben).<\/p>\n<p>Verwendung der Gruppe \u201eCookies\u201c<\/p>\n<p>Nach Wahl des Benutzers erfassen wir folgende Daten:<\/p>\n<p><strong>HTTP-Cookies<\/strong><\/p>\n<p>Diese Daten werden f\u00fcr folgende Zwecke verwendet:<\/p>\n<p>Forschung und Entwicklung.<\/p>\n<p>Einmaliges Anpassen.<\/p>\n<p>Diese Daten werden von uns und unseren Vertretern verwendet.<\/p>\n<p>Die folgenden Erkl\u00e4rungen werden erl\u00e4utern, warum diese Daten erhoben werden:<\/p>\n<p>Cookies werden verwendet, um Besucher unserer Website zu verfolgen, sodass wir besser verstehen k\u00f6nnen, welche Teile unserer Website Ihnen am besten dienen.<\/p>\n<p><strong>Cookies<\/strong><\/p>\n<p>Cookies sind eine Technologie, mit der Sie ma\u00dfgeschneiderte Informationen von einer Website erhalten k\u00f6nnen. Ein Cookie ist ein Datenelement, das eine Website an Ihren Browser senden kann, der ihn dann auf Ihrem System speichern kann. Sie k\u00f6nnen Ihren Browser so einstellen, dass er Sie benachrichtigt, sobald Sie ein Cookie erhalten. Dadurch k\u00f6nnen Sie entscheiden, ob Sie das akzeptieren m\u00f6chten. Diese Informationen werden Sie nicht pers\u00f6nlich identifizieren. Es sind statistische Daten. Diese statistischen Daten identifizieren keinerlei pers\u00f6nliche Daten.<\/p>\n<p>Unsere Website verwendet Cookies. Cookies werden f\u00fcr folgende Zwecke verwendet:<\/p>\n<p>User-Targeting<\/p>\n<p>Forschung und Entwicklung<\/p>\n<p>Das Datenschutzgesetz kann hier eingesehen werden: www.opsi.gov.uk\/acts\/acts1998\/19980029.htm<\/p>\n<p><strong>Verwendung Ihrer Informationen<\/strong><\/p>\n<p>Wir verwenden die von Ihnen gesammelten Informationen, um Ihnen unsere Dienste zur Verf\u00fcgung zu stellen. Dar\u00fcber hinaus k\u00f6nnen wir die Informationen f\u00fcr einen oder mehrere der folgenden Zwecke verwenden:<\/p>\n<ol>\n<li>um Ihnen Informationen zur Verf\u00fcgung zu stellen, die Sie von uns in Bezug auf unsere Produkte und Dienstleistungen anfordern.<\/li>\n<li>um Ihnen Informationen zu anderen Produkten zur Verf\u00fcgung zu stellen, die f\u00fcr Sie von Interesse sein k\u00f6nnten. Solche zus\u00e4tzlichen Informationen werden nur bereitgestellt, wenn Sie dem Erhalt dieser Informationen zugestimmt haben.<\/li>\n<\/ol>\n<p>iii. um Sie \u00fcber \u00c4nderungen unserer Website, Dienstleistungen oder Waren und Produkten zu informieren.<\/p>\n<p>Wenn Sie zuvor Waren oder Dienstleistungen von uns gekauft haben, k\u00f6nnen wir Ihnen Einzelheiten zu \u00e4hnlichen Waren oder Dienstleistungen oder zu anderen Waren und Dienstleistungen, die Sie interessieren k\u00f6nnten, zur Verf\u00fcgung stellen.<\/p>\n<p>Wenn Ihre Zustimmung vorab erteilt wurde, k\u00f6nnen wir ausgew\u00e4hlten Dritten die Nutzung Ihrer Daten gestatten, damit diese Ihnen Informationen zu nicht verbundenen Waren und Dienstleistungen zur Verf\u00fcgung stellen k\u00f6nnen, von denen wir glauben, dass sie Sie interessieren k\u00f6nnten. Wenn eine solche Einwilligung vorliegt, kann sie jederzeit von Ihnen widerrufen werden.<\/p>\n<p><strong>Speichern Ihrer pers\u00f6nlichen Daten<\/strong><\/p>\n<p>Beim Betrieb unserer Website kann es erforderlich sein, Daten, die wir von Ihnen sammeln, an Standorte au\u00dferhalb der Europ\u00e4ischen Union zur Verarbeitung und Speicherung zu \u00fcbertragen. Durch die \u00dcbermittlung Ihrer personenbezogenen Daten stimmen Sie dieser \u00dcbertragung, Speicherung oder Verarbeitung zu. Wir tun unser Bestes, um sicherzustellen, dass alle angemessenen Schritte unternommen werden, um sicherzustellen, dass Ihre Daten sicher verarbeitet und gespeichert werden.<\/p>\n<p>Leider ist das Versenden von Informationen \u00fcber das Internet nicht absolut sicher, und gelegentlich k\u00f6nnen solche Informationen abgefangen werden. Wir k\u00f6nnen die Sicherheit der Daten, die Sie uns elektronisch \u00fcbermitteln, nicht garantieren. Der Versand solcher Informationen erfolgt auf eigenes Risiko. Selbstverst\u00e4ndlich implementieren wir alle m\u00f6glichen Ma\u00dfnahmen ein, um dies zu verhindern.<\/p>\n<p><strong>Offenlegung Ihrer Informationen<\/strong><\/p>\n<p>Wir werden Ihre personenbezogenen Daten nicht an andere Parteien als in \u00dcbereinstimmung mit dieser Datenschutzerkl\u00e4rung und unter den nachfolgend beschriebenen Umst\u00e4nden weitergeben:<\/p>\n<ol>\n<li>f\u00fcr den Fall, dass wir einen oder alle unsere Gesch\u00e4fte an den K\u00e4ufer verkaufen.<\/li>\n<li>wenn wir gesetzlich dazu verpflichtet sind, Ihre pers\u00f6nlichen Daten offenzulegen.<\/li>\n<\/ol>\n<p>iii. zum weiteren Schutz vor Betrug und Verringerung des Betrugsrisikos.<\/p>\n<p><strong>Links zu Drittanbietern<\/strong><\/p>\n<p>Gelegentlich nehmen wir auf dieser Website Links zu Dritten auf. Wenn wir einen Link zur Verf\u00fcgung stellen, bedeutet dies nicht, dass wir der Datenschutzerkl\u00e4rung dieser Website zustimmen oder diese bef\u00fcrworten. Sie sollten die Erkl\u00e4rungen der Webseiten \u00fcberpr\u00fcfen, bevor Sie personenbezogene Daten senden.<\/p>\n<p>Zugang zu Informationen und Datenschutz<\/p>\n<p>In \u00dcbereinstimmung mit der Datenschutz-Grundverordnung (DSGVO) und der UK Data Protection Bill haben Sie das Recht, auf alle Informationen zuzugreifen, die wir \u00fcber Sie haben.<\/p>\n<p><strong>Kontakt<\/strong><\/p>\n<p>Bitte z\u00f6gern Sie nicht, uns in Bezug auf diese Datenschutzerkl\u00e4rung zu kontaktieren.<\/p>\n<p>Sie k\u00f6nnen uns unter der folgenden Adresse per Post kontaktieren:<\/p>\n<p><strong>Expocet Ltd, <\/strong><strong>113b Millfields Road, <\/strong><strong>Wolverhampton, <\/strong><strong>WV4 6JQ, United Kingdom<\/strong><\/p>\n<p><strong>Sie k\u00f6nnen uns per E-Mail unter <a href=\"mailto:sales@expocet.com\">sales@expocet.com<\/a> kontaktieren<\/strong><\/p>\n<p>&nbsp;<\/p>\n","protected":false},"excerpt":{"rendered":"<p>Die folgende Datenschutzerkl\u00e4rung deckt die Website von Expocet Ltd ab. Links auf dieser Website zu anderen Websites werden von dieser Erkl\u00e4rung nicht abgedeckt. Bei Expocet&#8230; <a class=\"view-article\" href=\"https:\/\/www.expocet.com\/de\/privacy\/\">Read more<\/a><\/p>\n","protected":false},"author":2,"featured_media":0,"parent":0,"menu_order":11,"comment_status":"closed","ping_status":"closed","template":"","meta":{"_acf_changed":false,"footnotes":""},"class_list":["post-178","page","type-page","status-publish","hentry"],"acf":[],"yoast_head":"<!-- This site is optimized with the Yoast SEO plugin v26.8 - https:\/\/yoast.com\/product\/yoast-seo-wordpress\/ -->\n<title>Datenschutz - Expocet<\/title>\n<meta name=\"robots\" content=\"index, follow, max-snippet:-1, max-image-preview:large, max-video-preview:-1\" \/>\n<link rel=\"canonical\" href=\"https:\/\/www.expocet.com\/de\/privacy\/\" \/>\n<meta property=\"og:locale\" content=\"de_DE\" \/>\n<meta property=\"og:type\" content=\"article\" \/>\n<meta property=\"og:title\" content=\"Datenschutz - Expocet\" \/>\n<meta property=\"og:description\" content=\"Die folgende Datenschutzerkl\u00e4rung deckt die Website von Expocet Ltd ab. Links auf dieser Website zu anderen Websites werden von dieser Erkl\u00e4rung nicht abgedeckt. Bei Expocet... Read more\" \/>\n<meta property=\"og:url\" content=\"https:\/\/www.expocet.com\/de\/privacy\/\" \/>\n<meta property=\"og:site_name\" content=\"Expocet\" \/>\n<meta property=\"article:modified_time\" content=\"2019-03-11T12:22:37+00:00\" \/>\n<meta name=\"twitter:card\" content=\"summary_large_image\" \/>\n<meta name=\"twitter:label1\" content=\"Gesch\u00e4tzte Lesezeit\" \/>\n\t<meta name=\"twitter:data1\" content=\"4\u00a0Minuten\" \/>\n<script type=\"application\/ld+json\" class=\"yoast-schema-graph\">{\"@context\":\"https:\/\/schema.org\",\"@graph\":[{\"@type\":\"WebPage\",\"@id\":\"https:\/\/www.expocet.com\/de\/privacy\/\",\"url\":\"https:\/\/www.expocet.com\/de\/privacy\/\",\"name\":\"Datenschutz - Expocet\",\"isPartOf\":{\"@id\":\"https:\/\/www.expocet.com\/#website\"},\"datePublished\":\"2018-06-24T09:28:38+00:00\",\"dateModified\":\"2019-03-11T12:22:37+00:00\",\"breadcrumb\":{\"@id\":\"https:\/\/www.expocet.com\/de\/privacy\/#breadcrumb\"},\"inLanguage\":\"de\",\"potentialAction\":[{\"@type\":\"ReadAction\",\"target\":[\"https:\/\/www.expocet.com\/de\/privacy\/\"]}]},{\"@type\":\"BreadcrumbList\",\"@id\":\"https:\/\/www.expocet.com\/de\/privacy\/#breadcrumb\",\"itemListElement\":[{\"@type\":\"ListItem\",\"position\":1,\"name\":\"Home\",\"item\":\"https:\/\/www.expocet.com\/de\/\"},{\"@type\":\"ListItem\",\"position\":2,\"name\":\"Datenschutz\"}]},{\"@type\":\"WebSite\",\"@id\":\"https:\/\/www.expocet.com\/#website\",\"url\":\"https:\/\/www.expocet.com\/\",\"name\":\"Expocet\",\"description\":\"The Company to Supply Your Eropean Manufacturing Solutions\",\"potentialAction\":[{\"@type\":\"SearchAction\",\"target\":{\"@type\":\"EntryPoint\",\"urlTemplate\":\"https:\/\/www.expocet.com\/?s={search_term_string}\"},\"query-input\":{\"@type\":\"PropertyValueSpecification\",\"valueRequired\":true,\"valueName\":\"search_term_string\"}}],\"inLanguage\":\"de\"}]}<\/script>\n<!-- \/ Yoast SEO plugin. -->","yoast_head_json":{"title":"Datenschutz - Expocet","robots":{"index":"index","follow":"follow","max-snippet":"max-snippet:-1","max-image-preview":"max-image-preview:large","max-video-preview":"max-video-preview:-1"},"canonical":"https:\/\/www.expocet.com\/de\/privacy\/","og_locale":"de_DE","og_type":"article","og_title":"Datenschutz - Expocet","og_description":"Die folgende Datenschutzerkl\u00e4rung deckt die Website von Expocet Ltd ab. Links auf dieser Website zu anderen Websites werden von dieser Erkl\u00e4rung nicht abgedeckt. Bei Expocet... Read more","og_url":"https:\/\/www.expocet.com\/de\/privacy\/","og_site_name":"Expocet","article_modified_time":"2019-03-11T12:22:37+00:00","twitter_card":"summary_large_image","twitter_misc":{"Gesch\u00e4tzte Lesezeit":"4\u00a0Minuten"},"schema":{"@context":"https:\/\/schema.org","@graph":[{"@type":"WebPage","@id":"https:\/\/www.expocet.com\/de\/privacy\/","url":"https:\/\/www.expocet.com\/de\/privacy\/","name":"Datenschutz - Expocet","isPartOf":{"@id":"https:\/\/www.expocet.com\/#website"},"datePublished":"2018-06-24T09:28:38+00:00","dateModified":"2019-03-11T12:22:37+00:00","breadcrumb":{"@id":"https:\/\/www.expocet.com\/de\/privacy\/#breadcrumb"},"inLanguage":"de","potentialAction":[{"@type":"ReadAction","target":["https:\/\/www.expocet.com\/de\/privacy\/"]}]},{"@type":"BreadcrumbList","@id":"https:\/\/www.expocet.com\/de\/privacy\/#breadcrumb","itemListElement":[{"@type":"ListItem","position":1,"name":"Home","item":"https:\/\/www.expocet.com\/de\/"},{"@type":"ListItem","position":2,"name":"Datenschutz"}]},{"@type":"WebSite","@id":"https:\/\/www.expocet.com\/#website","url":"https:\/\/www.expocet.com\/","name":"Expocet","description":"The Company to Supply Your Eropean Manufacturing Solutions","potentialAction":[{"@type":"SearchAction","target":{"@type":"EntryPoint","urlTemplate":"https:\/\/www.expocet.com\/?s={search_term_string}"},"query-input":{"@type":"PropertyValueSpecification","valueRequired":true,"valueName":"search_term_string"}}],"inLanguage":"de"}]}},"_links":{"self":[{"href":"https:\/\/www.expocet.com\/de\/wp-json\/wp\/v2\/pages\/178","targetHints":{"allow":["GET"]}}],"collection":[{"href":"https:\/\/www.expocet.com\/de\/wp-json\/wp\/v2\/pages"}],"about":[{"href":"https:\/\/www.expocet.com\/de\/wp-json\/wp\/v2\/types\/page"}],"author":[{"embeddable":true,"href":"https:\/\/www.expocet.com\/de\/wp-json\/wp\/v2\/users\/2"}],"replies":[{"embeddable":true,"href":"https:\/\/www.expocet.com\/de\/wp-json\/wp\/v2\/comments?post=178"}],"version-history":[{"count":11,"href":"https:\/\/www.expocet.com\/de\/wp-json\/wp\/v2\/pages\/178\/revisions"}],"predecessor-version":[{"id":2498,"href":"https:\/\/www.expocet.com\/de\/wp-json\/wp\/v2\/pages\/178\/revisions\/2498"}],"wp:attachment":[{"href":"https:\/\/www.expocet.com\/de\/wp-json\/wp\/v2\/media?parent=178"}],"curies":[{"name":"wp","href":"https:\/\/api.w.org\/{rel}","templated":true}]}}