{"id":1712,"date":"2019-03-27T12:00:57","date_gmt":"2019-03-27T12:00:57","guid":{"rendered":"http:\/\/expocet.dragonfruit.temporarywebsiteaddress.com\/expocet-products-and-services\/"},"modified":"2021-05-21T14:08:53","modified_gmt":"2021-05-21T13:08:53","slug":"expocet-products-and-services","status":"publish","type":"page","link":"https:\/\/www.expocet.com\/es\/expocet-products-and-services\/","title":{"rendered":"Productos y Servicios de Expocet"},"content":{"rendered":"<p><strong>Expocet participa en los procesos de fabricaci\u00f3n que se detallan a continuaci\u00f3n para ayudar a su empresa a adquirir sus piezas de fundici\u00f3n y piezas forjadas, ya sean piezas de fundici\u00f3n en arena de acero y hierro, fundici\u00f3n de precisi\u00f3n a la cera perdida<\/strong><strong>, piezas de fundici\u00f3n de SiMo y ADI,&nbsp;moldeo en c\u00e1scara de hierro,<span class=\"Apple-converted-space\">&nbsp;<\/span><\/strong><strong>piezas fundidas por gravedad de aluminio, piezas fundidas a presi\u00f3n en aluminio,&nbsp;<\/strong><strong>piezas forjadas de acero o cerraduras y sistemas de emergencia para trenes:<\/strong><strong><span id=\"result_box\" class=\"\" tabindex=\"-1\" lang=\"es\">&#8211;<\/span><\/strong><\/p>\n<h1 style=\"text-align: center;\"><em><span id=\"result_box\" class=\"\" tabindex=\"-1\" lang=\"es\">La empresa para suministrar sus soluciones de fabricaci\u00f3n global<\/span>.<\/em><\/h1>\n","protected":false},"excerpt":{"rendered":"<p>Expocet participa en los procesos de fabricaci\u00f3n que se detallan a continuaci\u00f3n para ayudar a su empresa a adquirir sus piezas de fundici\u00f3n y piezas&#8230; <a class=\"view-article\" href=\"https:\/\/www.expocet.com\/es\/expocet-products-and-services\/\">Read more<\/a><\/p>\n","protected":false},"author":3,"featured_media":0,"parent":0,"menu_order":5,"comment_status":"closed","ping_status":"closed","template":"","meta":{"_acf_changed":false,"footnotes":""},"class_list":["post-1712","page","type-page","status-publish","hentry"],"acf":[],"yoast_head":"<!-- This site is optimized with the Yoast SEO plugin v26.8 - https:\/\/yoast.com\/product\/yoast-seo-wordpress\/ -->\n<title>Productos y Servicios de Expocet - Expocet<\/title>\n<meta name=\"robots\" content=\"index, follow, max-snippet:-1, max-image-preview:large, max-video-preview:-1\" \/>\n<link rel=\"canonical\" href=\"https:\/\/www.expocet.com\/es\/expocet-products-and-services\/\" \/>\n<meta property=\"og:locale\" content=\"es_ES\" \/>\n<meta property=\"og:type\" content=\"article\" \/>\n<meta property=\"og:title\" content=\"Productos y Servicios de Expocet - Expocet\" \/>\n<meta property=\"og:description\" content=\"Expocet participa en los procesos de fabricaci\u00f3n que se detallan a continuaci\u00f3n para ayudar a su empresa a adquirir sus piezas de fundici\u00f3n y piezas... Read more\" \/>\n<meta property=\"og:url\" content=\"https:\/\/www.expocet.com\/es\/expocet-products-and-services\/\" \/>\n<meta property=\"og:site_name\" content=\"Expocet\" \/>\n<meta property=\"article:modified_time\" content=\"2021-05-21T13:08:53+00:00\" \/>\n<meta name=\"twitter:card\" content=\"summary_large_image\" \/>\n<meta name=\"twitter:label1\" content=\"Tiempo de lectura\" \/>\n\t<meta name=\"twitter:data1\" content=\"1 minuto\" \/>\n<script type=\"application\/ld+json\" class=\"yoast-schema-graph\">{\"@context\":\"https:\/\/schema.org\",\"@graph\":[{\"@type\":\"WebPage\",\"@id\":\"https:\/\/www.expocet.com\/es\/expocet-products-and-services\/\",\"url\":\"https:\/\/www.expocet.com\/es\/expocet-products-and-services\/\",\"name\":\"Productos y Servicios de Expocet - Expocet\",\"isPartOf\":{\"@id\":\"https:\/\/www.expocet.com\/#website\"},\"datePublished\":\"2019-03-27T12:00:57+00:00\",\"dateModified\":\"2021-05-21T13:08:53+00:00\",\"breadcrumb\":{\"@id\":\"https:\/\/www.expocet.com\/es\/expocet-products-and-services\/#breadcrumb\"},\"inLanguage\":\"es\",\"potentialAction\":[{\"@type\":\"ReadAction\",\"target\":[\"https:\/\/www.expocet.com\/es\/expocet-products-and-services\/\"]}]},{\"@type\":\"BreadcrumbList\",\"@id\":\"https:\/\/www.expocet.com\/es\/expocet-products-and-services\/#breadcrumb\",\"itemListElement\":[{\"@type\":\"ListItem\",\"position\":1,\"name\":\"Home\",\"item\":\"https:\/\/www.expocet.com\/es\/\"},{\"@type\":\"ListItem\",\"position\":2,\"name\":\"Productos y Servicios de Expocet\"}]},{\"@type\":\"WebSite\",\"@id\":\"https:\/\/www.expocet.com\/#website\",\"url\":\"https:\/\/www.expocet.com\/\",\"name\":\"Expocet\",\"description\":\"The Company to Supply Your European Manufacturing Solutions\",\"potentialAction\":[{\"@type\":\"SearchAction\",\"target\":{\"@type\":\"EntryPoint\",\"urlTemplate\":\"https:\/\/www.expocet.com\/?s={search_term_string}\"},\"query-input\":{\"@type\":\"PropertyValueSpecification\",\"valueRequired\":true,\"valueName\":\"search_term_string\"}}],\"inLanguage\":\"es\"}]}<\/script>\n<!-- \/ Yoast SEO plugin. -->","yoast_head_json":{"title":"Productos y Servicios de Expocet - Expocet","robots":{"index":"index","follow":"follow","max-snippet":"max-snippet:-1","max-image-preview":"max-image-preview:large","max-video-preview":"max-video-preview:-1"},"canonical":"https:\/\/www.expocet.com\/es\/expocet-products-and-services\/","og_locale":"es_ES","og_type":"article","og_title":"Productos y Servicios de Expocet - Expocet","og_description":"Expocet participa en los procesos de fabricaci\u00f3n que se detallan a continuaci\u00f3n para ayudar a su empresa a adquirir sus piezas de fundici\u00f3n y piezas... Read more","og_url":"https:\/\/www.expocet.com\/es\/expocet-products-and-services\/","og_site_name":"Expocet","article_modified_time":"2021-05-21T13:08:53+00:00","twitter_card":"summary_large_image","twitter_misc":{"Tiempo de lectura":"1 minuto"},"schema":{"@context":"https:\/\/schema.org","@graph":[{"@type":"WebPage","@id":"https:\/\/www.expocet.com\/es\/expocet-products-and-services\/","url":"https:\/\/www.expocet.com\/es\/expocet-products-and-services\/","name":"Productos y Servicios de Expocet - Expocet","isPartOf":{"@id":"https:\/\/www.expocet.com\/#website"},"datePublished":"2019-03-27T12:00:57+00:00","dateModified":"2021-05-21T13:08:53+00:00","breadcrumb":{"@id":"https:\/\/www.expocet.com\/es\/expocet-products-and-services\/#breadcrumb"},"inLanguage":"es","potentialAction":[{"@type":"ReadAction","target":["https:\/\/www.expocet.com\/es\/expocet-products-and-services\/"]}]},{"@type":"BreadcrumbList","@id":"https:\/\/www.expocet.com\/es\/expocet-products-and-services\/#breadcrumb","itemListElement":[{"@type":"ListItem","position":1,"name":"Home","item":"https:\/\/www.expocet.com\/es\/"},{"@type":"ListItem","position":2,"name":"Productos y Servicios de Expocet"}]},{"@type":"WebSite","@id":"https:\/\/www.expocet.com\/#website","url":"https:\/\/www.expocet.com\/","name":"Expocet","description":"The Company to Supply Your European Manufacturing Solutions","potentialAction":[{"@type":"SearchAction","target":{"@type":"EntryPoint","urlTemplate":"https:\/\/www.expocet.com\/?s={search_term_string}"},"query-input":{"@type":"PropertyValueSpecification","valueRequired":true,"valueName":"search_term_string"}}],"inLanguage":"es"}]}},"_links":{"self":[{"href":"https:\/\/www.expocet.com\/es\/wp-json\/wp\/v2\/pages\/1712","targetHints":{"allow":["GET"]}}],"collection":[{"href":"https:\/\/www.expocet.com\/es\/wp-json\/wp\/v2\/pages"}],"about":[{"href":"https:\/\/www.expocet.com\/es\/wp-json\/wp\/v2\/types\/page"}],"author":[{"embeddable":true,"href":"https:\/\/www.expocet.com\/es\/wp-json\/wp\/v2\/users\/3"}],"replies":[{"embeddable":true,"href":"https:\/\/www.expocet.com\/es\/wp-json\/wp\/v2\/comments?post=1712"}],"version-history":[{"count":24,"href":"https:\/\/www.expocet.com\/es\/wp-json\/wp\/v2\/pages\/1712\/revisions"}],"predecessor-version":[{"id":4113,"href":"https:\/\/www.expocet.com\/es\/wp-json\/wp\/v2\/pages\/1712\/revisions\/4113"}],"wp:attachment":[{"href":"https:\/\/www.expocet.com\/es\/wp-json\/wp\/v2\/media?parent=1712"}],"curies":[{"name":"wp","href":"https:\/\/api.w.org\/{rel}","templated":true}]}}