{"id":1548,"date":"2018-07-30T19:04:57","date_gmt":"2018-07-30T18:04:57","guid":{"rendered":"http:\/\/expocet.dragonfruit.temporarywebsiteaddress.com\/expocet-products-and-services\/"},"modified":"2020-12-22T12:43:44","modified_gmt":"2020-12-22T12:43:44","slug":"expocet-products-and-services","status":"publish","type":"page","link":"https:\/\/www.expocet.com\/fr\/expocet-products-and-services\/","title":{"rendered":"Produits et services Expocet"},"content":{"rendered":"<p><strong>Expocet est impliqu\u00e9e dans les processus de fabrication d\u00e9crits ci-dessous pour aider votre entreprise \u00e0 acqu\u00e9rir ses pi\u00e8ces moul\u00e9es et forg\u00e9es \u2013 qu\u2019il s\u2019agisse des moulages au sable de pi\u00e8ces en acier et en fer, pi\u00e8ces moul\u00e9es de pr\u00e9cision, pi\u00e8ces moul\u00e9es SiMo et ADI, pi\u00e8ces en fer moul\u00e9es en coquille, pi\u00e8ces en aluminium moul\u00e9es en coquille par gravit\u00e9, pi\u00e8ces en aluminium moul\u00e9es en coquille sous pression, pi\u00e8ces forg\u00e9es ou serrures en acier et syst\u00e8mes d\u2019urgence pour trains:-<\/strong><\/p>\n<h1 style=\"text-align: center;\"><em><span id=\"result_box\" class=\"\" tabindex=\"-1\" lang=\"fr\">L&rsquo;entreprise pour fournir vos solutions de fabrication mondiales<\/span>.<\/em><\/h1>\n","protected":false},"excerpt":{"rendered":"<p>Expocet est impliqu\u00e9e dans les processus de fabrication d\u00e9crits ci-dessous pour aider votre entreprise \u00e0 acqu\u00e9rir ses pi\u00e8ces moul\u00e9es et forg\u00e9es \u2013 qu\u2019il s\u2019agisse des&#8230; <a class=\"view-article\" href=\"https:\/\/www.expocet.com\/fr\/expocet-products-and-services\/\">Read more<\/a><\/p>\n","protected":false},"author":3,"featured_media":0,"parent":0,"menu_order":5,"comment_status":"closed","ping_status":"closed","template":"","meta":{"_acf_changed":false,"footnotes":""},"class_list":["post-1548","page","type-page","status-publish","hentry"],"acf":[],"yoast_head":"<!-- This site is optimized with the Yoast SEO plugin v26.8 - https:\/\/yoast.com\/product\/yoast-seo-wordpress\/ -->\n<title>Produits et services Expocet - Expocet<\/title>\n<meta name=\"robots\" content=\"index, follow, max-snippet:-1, max-image-preview:large, max-video-preview:-1\" \/>\n<link rel=\"canonical\" href=\"https:\/\/www.expocet.com\/fr\/expocet-products-and-services\/\" \/>\n<meta property=\"og:locale\" content=\"fr_FR\" \/>\n<meta property=\"og:type\" content=\"article\" \/>\n<meta property=\"og:title\" content=\"Produits et services Expocet - Expocet\" \/>\n<meta property=\"og:description\" content=\"Expocet est impliqu\u00e9e dans les processus de fabrication d\u00e9crits ci-dessous pour aider votre entreprise \u00e0 acqu\u00e9rir ses pi\u00e8ces moul\u00e9es et forg\u00e9es \u2013 qu\u2019il s\u2019agisse des... Read more\" \/>\n<meta property=\"og:url\" content=\"https:\/\/www.expocet.com\/fr\/expocet-products-and-services\/\" \/>\n<meta property=\"og:site_name\" content=\"Expocet\" \/>\n<meta property=\"article:modified_time\" content=\"2020-12-22T12:43:44+00:00\" \/>\n<meta name=\"twitter:card\" content=\"summary_large_image\" \/>\n<meta name=\"twitter:label1\" content=\"Dur\u00e9e de lecture estim\u00e9e\" \/>\n\t<meta name=\"twitter:data1\" content=\"1 minute\" \/>\n<script type=\"application\/ld+json\" class=\"yoast-schema-graph\">{\"@context\":\"https:\/\/schema.org\",\"@graph\":[{\"@type\":\"WebPage\",\"@id\":\"https:\/\/www.expocet.com\/fr\/expocet-products-and-services\/\",\"url\":\"https:\/\/www.expocet.com\/fr\/expocet-products-and-services\/\",\"name\":\"Produits et services Expocet - Expocet\",\"isPartOf\":{\"@id\":\"https:\/\/www.expocet.com\/#website\"},\"datePublished\":\"2018-07-30T18:04:57+00:00\",\"dateModified\":\"2020-12-22T12:43:44+00:00\",\"breadcrumb\":{\"@id\":\"https:\/\/www.expocet.com\/fr\/expocet-products-and-services\/#breadcrumb\"},\"inLanguage\":\"fr-FR\",\"potentialAction\":[{\"@type\":\"ReadAction\",\"target\":[\"https:\/\/www.expocet.com\/fr\/expocet-products-and-services\/\"]}]},{\"@type\":\"BreadcrumbList\",\"@id\":\"https:\/\/www.expocet.com\/fr\/expocet-products-and-services\/#breadcrumb\",\"itemListElement\":[{\"@type\":\"ListItem\",\"position\":1,\"name\":\"Home\",\"item\":\"https:\/\/www.expocet.com\/fr\/european-manufacturing-solutions\/\"},{\"@type\":\"ListItem\",\"position\":2,\"name\":\"Produits et services Expocet\"}]},{\"@type\":\"WebSite\",\"@id\":\"https:\/\/www.expocet.com\/#website\",\"url\":\"https:\/\/www.expocet.com\/\",\"name\":\"Expocet\",\"description\":\"The Company to Supply Your Eropean Manufacturing Solutions\",\"potentialAction\":[{\"@type\":\"SearchAction\",\"target\":{\"@type\":\"EntryPoint\",\"urlTemplate\":\"https:\/\/www.expocet.com\/?s={search_term_string}\"},\"query-input\":{\"@type\":\"PropertyValueSpecification\",\"valueRequired\":true,\"valueName\":\"search_term_string\"}}],\"inLanguage\":\"fr-FR\"}]}<\/script>\n<!-- \/ Yoast SEO plugin. -->","yoast_head_json":{"title":"Produits et services Expocet - Expocet","robots":{"index":"index","follow":"follow","max-snippet":"max-snippet:-1","max-image-preview":"max-image-preview:large","max-video-preview":"max-video-preview:-1"},"canonical":"https:\/\/www.expocet.com\/fr\/expocet-products-and-services\/","og_locale":"fr_FR","og_type":"article","og_title":"Produits et services Expocet - Expocet","og_description":"Expocet est impliqu\u00e9e dans les processus de fabrication d\u00e9crits ci-dessous pour aider votre entreprise \u00e0 acqu\u00e9rir ses pi\u00e8ces moul\u00e9es et forg\u00e9es \u2013 qu\u2019il s\u2019agisse des... Read more","og_url":"https:\/\/www.expocet.com\/fr\/expocet-products-and-services\/","og_site_name":"Expocet","article_modified_time":"2020-12-22T12:43:44+00:00","twitter_card":"summary_large_image","twitter_misc":{"Dur\u00e9e de lecture estim\u00e9e":"1 minute"},"schema":{"@context":"https:\/\/schema.org","@graph":[{"@type":"WebPage","@id":"https:\/\/www.expocet.com\/fr\/expocet-products-and-services\/","url":"https:\/\/www.expocet.com\/fr\/expocet-products-and-services\/","name":"Produits et services Expocet - Expocet","isPartOf":{"@id":"https:\/\/www.expocet.com\/#website"},"datePublished":"2018-07-30T18:04:57+00:00","dateModified":"2020-12-22T12:43:44+00:00","breadcrumb":{"@id":"https:\/\/www.expocet.com\/fr\/expocet-products-and-services\/#breadcrumb"},"inLanguage":"fr-FR","potentialAction":[{"@type":"ReadAction","target":["https:\/\/www.expocet.com\/fr\/expocet-products-and-services\/"]}]},{"@type":"BreadcrumbList","@id":"https:\/\/www.expocet.com\/fr\/expocet-products-and-services\/#breadcrumb","itemListElement":[{"@type":"ListItem","position":1,"name":"Home","item":"https:\/\/www.expocet.com\/fr\/european-manufacturing-solutions\/"},{"@type":"ListItem","position":2,"name":"Produits et services Expocet"}]},{"@type":"WebSite","@id":"https:\/\/www.expocet.com\/#website","url":"https:\/\/www.expocet.com\/","name":"Expocet","description":"The Company to Supply Your Eropean Manufacturing Solutions","potentialAction":[{"@type":"SearchAction","target":{"@type":"EntryPoint","urlTemplate":"https:\/\/www.expocet.com\/?s={search_term_string}"},"query-input":{"@type":"PropertyValueSpecification","valueRequired":true,"valueName":"search_term_string"}}],"inLanguage":"fr-FR"}]}},"_links":{"self":[{"href":"https:\/\/www.expocet.com\/fr\/wp-json\/wp\/v2\/pages\/1548","targetHints":{"allow":["GET"]}}],"collection":[{"href":"https:\/\/www.expocet.com\/fr\/wp-json\/wp\/v2\/pages"}],"about":[{"href":"https:\/\/www.expocet.com\/fr\/wp-json\/wp\/v2\/types\/page"}],"author":[{"embeddable":true,"href":"https:\/\/www.expocet.com\/fr\/wp-json\/wp\/v2\/users\/3"}],"replies":[{"embeddable":true,"href":"https:\/\/www.expocet.com\/fr\/wp-json\/wp\/v2\/comments?post=1548"}],"version-history":[{"count":14,"href":"https:\/\/www.expocet.com\/fr\/wp-json\/wp\/v2\/pages\/1548\/revisions"}],"predecessor-version":[{"id":3888,"href":"https:\/\/www.expocet.com\/fr\/wp-json\/wp\/v2\/pages\/1548\/revisions\/3888"}],"wp:attachment":[{"href":"https:\/\/www.expocet.com\/fr\/wp-json\/wp\/v2\/media?parent=1548"}],"curies":[{"name":"wp","href":"https:\/\/api.w.org\/{rel}","templated":true}]}}